{"id":1141,"date":"2018-01-27T10:44:00","date_gmt":"2018-01-27T09:44:00","guid":{"rendered":"https:\/\/www.zactigis.ch\/startseite\/"},"modified":"2018-02-13T13:30:33","modified_gmt":"2018-02-13T12:30:33","slug":"zactigis","status":"publish","type":"page","link":"https:\/\/www.zactigis.ch\/de\/","title":{"rendered":"Startseite Zactigis"},"content":{"rendered":"<p><div class=\"fusion-fullwidth fullwidth-box fusion-builder-row-1 nonhundred-percent-fullwidth non-hundred-percent-height-scrolling\" style=\"--awb-border-radius-top-left:0px;--awb-border-radius-top-right:0px;--awb-border-radius-bottom-right:0px;--awb-border-radius-bottom-left:0px;--awb-flex-wrap:wrap;\" ><div class=\"fusion-builder-row fusion-row\"><div class=\"fusion-layout-column fusion_builder_column fusion-builder-column-0 fusion_builder_column_1_1 1_1 fusion-one-full fusion-column-first fusion-column-last\" style=\"--awb-padding-right:50px;--awb-padding-left:50px;--awb-bg-size:cover;\"><div class=\"fusion-column-wrapper fusion-flex-column-wrapper-legacy\"><div class=\"fusion-title title fusion-title-1 fusion-sep-none fusion-title-text fusion-title-size-one\" style=\"--awb-margin-top-small:0px;--awb-margin-right-small:0px;--awb-margin-bottom-small:20px;--awb-margin-left-small:0px;\"><h1 class=\"fusion-title-heading title-heading-left\" style=\"margin:0;\">Die Zactigis\u00ae Produktpalette: Wenn \u00abWiederherstellung des Gleichgewichts\u00bb auch Gesundheit bedeutet!<\/h1><\/div><div class=\"fusion-text fusion-text-1\"><p>Ziel der Zactigis\u00ae Produktpalette ist es, mithilfe von wirksamen Functional-Food-Produkten (Nahrungsmitteln mit gesundheitlichem Zusatznutzen) und medizinischen Kosmetika L\u00f6sungen f\u00fcr st\u00f6rende und oft tabuisierte Alltagsprobleme zu bieten.<br \/>\nOb bei Hautproblemen, wie zum Beispiel Akne, oder bei Analbeschwerden: Tendenziell greift man zur Bek\u00e4mpfung der unerw\u00fcnschten Symptome sofort zu Medikamenten. Damit werden zwar die Auswirkungen des Problems bek\u00e4mpft, aber was ist mit der Ursache?<\/p>\n<p>Jede St\u00f6rung h\u00e4ngt im Grunde mit einem oder mehreren Ungleichgewichten zusammen. Medikamente haben ihren Platz bei tats\u00e4chlichen Gesundheitsproblemen, aber oft gen\u00fcgt die Wiederherstellung des Gleichgewichts f\u00fcr eine sp\u00fcrbare Besserung oder zur Unterst\u00fctzung einer Behandlung.<\/p>\n<p>Versuchen wir also, f\u00fcr mehr Wohlbefinden wieder ein besseres Gleichgewicht zu finden \u2026, und zwar auf eine m\u00f6glichst sanfte und nebenwirkungsfreie Art!<\/p>\n<\/div><div class=\"fusion-clearfix\"><\/div><\/div><\/div><\/div><\/div><div class=\"fusion-fullwidth fullwidth-box fusion-builder-row-2 nonhundred-percent-fullwidth non-hundred-percent-height-scrolling\" style=\"--awb-border-radius-top-left:0px;--awb-border-radius-top-right:0px;--awb-border-radius-bottom-right:0px;--awb-border-radius-bottom-left:0px;--awb-flex-wrap:wrap;\" ><div class=\"fusion-builder-row fusion-row\"><div class=\"fusion-layout-column fusion_builder_column fusion-builder-column-1 fusion_builder_column_1_4 1_4 fusion-one-fourth fusion-column-first\" style=\"--awb-bg-size:cover;width:25%;width:calc(25% - ( ( 4% + 4% ) * 0.25 ) );margin-right: 4%;\"><div class=\"fusion-column-wrapper fusion-flex-column-wrapper-legacy\"><div class=\"fusion-clearfix\"><\/div><\/div><\/div><div class=\"fusion-layout-column fusion_builder_column fusion-builder-column-2 fusion_builder_column_1_2 1_2 fusion-one-half\" style=\"--awb-bg-size:cover;width:50%;width:calc(50% - ( ( 4% + 4% ) * 0.5 ) );margin-right: 4%;\"><div class=\"fusion-column-wrapper fusion-flex-column-wrapper-legacy\"><div class=\"fusion-content-boxes content-boxes columns row fusion-columns-2 fusion-columns-total-2 fusion-content-boxes-1 content-boxes-icon-on-top content-left\" style=\"--awb-hover-accent-color:#a4abb0;--awb-circle-hover-accent-color:#a4abb0;\" data-animationOffset=\"top-into-view\"><div style=\"--awb-backgroundcolor:rgba(255,255,255,0);\" class=\"fusion-column content-box-column content-box-column content-box-column-1 col-lg-6 col-md-6 col-sm-6 fusion-content-box-hover content-box-column-first-in-row\"><div class=\"col content-box-wrapper content-wrapper link-area-box link-type-text icon-hover-animation-pulsate\" data-link=\"\/?page_id=12#skin\" data-link-target=\"_self\" data-animationOffset=\"top-into-view\"><div class=\"heading heading-with-icon icon-left\"><a class=\"heading-link\" href=\"\/?page_id=12#skin\" target=\"_self\"><div aria-hidden=\"true\" class=\"image\"><img decoding=\"async\" src=\"https:\/\/www.zactigis.ch\/wp-content\/uploads\/2017\/12\/zactigis-picto.png\" width=\"100\" height=\"100\" alt=\"\" \/><\/div><h2 class=\"content-box-heading\" style=\"--h2_typography-font-size:24px;line-height:29px;\">\u00abSkin\u00bb-Gamme<\/h2><\/a><\/div><div class=\"fusion-clearfix\"><\/div><div class=\"content-container\">\n<p style=\"text-align: center;\"><strong><span style=\"color: #0099d3;\">Sanfte L\u00f6sung<\/span><\/strong><br \/>\n<strong><span style=\"color: #0099d3;\">zur Bek\u00e4mpfung<\/span><\/strong><br \/>\n<strong><span style=\"color: #0099d3;\">von Pickeln<\/span><\/strong><\/p>\n<\/div><div class=\"fusion-clearfix\"><\/div><a class=\" fusion-read-more\" href=\"\/?page_id=12#skin\" target=\"_self\">Mehr erfahren<\/a><div class=\"fusion-clearfix\"><\/div><\/div><\/div><div style=\"--awb-backgroundcolor:rgba(255,255,255,0);\" class=\"fusion-column content-box-column content-box-column content-box-column-2 col-lg-6 col-md-6 col-sm-6 fusion-content-box-hover content-box-column-last content-box-column-last-in-row\"><div class=\"col content-box-wrapper content-wrapper link-area-box link-type-text icon-hover-animation-pulsate\" data-link=\"\/?page_id=12#procto\" data-link-target=\"_self\" data-animationOffset=\"top-into-view\"><div class=\"heading heading-with-icon icon-left\"><a class=\"heading-link\" href=\"\/?page_id=12#procto\" target=\"_self\"><div aria-hidden=\"true\" class=\"image\"><img decoding=\"async\" src=\"https:\/\/www.zactigis.ch\/wp-content\/uploads\/2017\/11\/zactigis-procto-picto.png\" width=\"100\" height=\"100\" alt=\"\" \/><\/div><h2 class=\"content-box-heading\" style=\"--h2_typography-font-size:24px;line-height:29px;\">\u00abProcto\u00bb-Gamme<\/h2><\/a><\/div><div class=\"fusion-clearfix\"><\/div><div class=\"content-container\">\n<p style=\"text-align: center;\"><strong><span style=\"color: #701a5b;\">Perianale Wunden und<\/span><\/strong><br \/>\n<strong><span style=\"color: #701a5b;\">Reizungen, zur\u00fcck zu<\/span><\/strong><br \/>\n<strong><span style=\"color: #701a5b;\">mehr Lebensqualit\u00e4t<\/span><\/strong><\/p>\n<\/div><div class=\"fusion-clearfix\"><\/div><a class=\" fusion-read-more\" href=\"\/?page_id=12#procto\" target=\"_self\">Mehr erfahren<\/a><div class=\"fusion-clearfix\"><\/div><\/div><\/div><div class=\"fusion-clearfix\"><\/div><\/div><div class=\"fusion-clearfix\"><\/div><\/div><\/div><div class=\"fusion-layout-column fusion_builder_column fusion-builder-column-3 fusion_builder_column_1_4 1_4 fusion-one-fourth fusion-column-last\" style=\"--awb-bg-size:cover;width:25%;width:calc(25% - ( ( 4% + 4% ) * 0.25 ) );\"><div class=\"fusion-column-wrapper fusion-flex-column-wrapper-legacy\"><div class=\"fusion-clearfix\"><\/div><\/div><\/div><\/div><\/div><\/p>\n","protected":false},"excerpt":{"rendered":"","protected":false},"author":1,"featured_media":0,"parent":0,"menu_order":0,"comment_status":"closed","ping_status":"open","template":"","meta":{"footnotes":""},"class_list":["post-1141","page","type-page","status-publish","hentry"],"_links":{"self":[{"href":"https:\/\/www.zactigis.ch\/de\/wp-json\/wp\/v2\/pages\/1141","targetHints":{"allow":["GET"]}}],"collection":[{"href":"https:\/\/www.zactigis.ch\/de\/wp-json\/wp\/v2\/pages"}],"about":[{"href":"https:\/\/www.zactigis.ch\/de\/wp-json\/wp\/v2\/types\/page"}],"author":[{"embeddable":true,"href":"https:\/\/www.zactigis.ch\/de\/wp-json\/wp\/v2\/users\/1"}],"replies":[{"embeddable":true,"href":"https:\/\/www.zactigis.ch\/de\/wp-json\/wp\/v2\/comments?post=1141"}],"version-history":[{"count":5,"href":"https:\/\/www.zactigis.ch\/de\/wp-json\/wp\/v2\/pages\/1141\/revisions"}],"predecessor-version":[{"id":1562,"href":"https:\/\/www.zactigis.ch\/de\/wp-json\/wp\/v2\/pages\/1141\/revisions\/1562"}],"wp:attachment":[{"href":"https:\/\/www.zactigis.ch\/de\/wp-json\/wp\/v2\/media?parent=1141"}],"curies":[{"name":"wp","href":"https:\/\/api.w.org\/{rel}","templated":true}]}}