{"id":1165,"date":"2018-01-27T14:24:06","date_gmt":"2018-01-27T13:24:06","guid":{"rendered":"https:\/\/www.zactigis.ch\/cookie-richtlinie\/"},"modified":"2021-08-23T16:11:53","modified_gmt":"2021-08-23T14:11:53","slug":"cookie-richtlinie","status":"publish","type":"page","link":"https:\/\/www.zactigis.ch\/de\/cookie-richtlinie\/","title":{"rendered":"Cookie-Richtlinie"},"content":{"rendered":"<div class=\"fusion-fullwidth fullwidth-box fusion-builder-row-1 nonhundred-percent-fullwidth non-hundred-percent-height-scrolling\" style=\"--awb-border-radius-top-left:0px;--awb-border-radius-top-right:0px;--awb-border-radius-bottom-right:0px;--awb-border-radius-bottom-left:0px;--awb-flex-wrap:wrap;\" ><div class=\"fusion-builder-row fusion-row\"><div class=\"fusion-layout-column fusion_builder_column fusion-builder-column-0 fusion_builder_column_1_1 1_1 fusion-one-full fusion-column-first fusion-column-last\" style=\"--awb-bg-size:cover;\"><div class=\"fusion-column-wrapper fusion-flex-column-wrapper-legacy\"><div class=\"fusion-text fusion-text-1\"><p><strong>Diese Seite ist nur auf Franz\u00f6sisch verf\u00fcgbar<\/strong><\/p>\n<p>Nous accordons une grande valeur \u00e0 l\u2019honn\u00eatet\u00e9 et \u00e0 la clart\u00e9, nous avons \u00e0 c\u0153ur de construire avec nos clients des relations fortes et durables, fond\u00e9es sur la confiance et l\u2019int\u00e9r\u00eat mutuel. La transparence concernant vos donn\u00e9es personnelles est essentielle pour nouer de telles relations et nous souhaitons vous informer comment nous traitons ces donn\u00e9es \u00e0 travers les paragraphes qui suivent.<\/p>\n<p>Dans des termes plus techniques, CosmeTec S\u00e0rl s\u2019engage \u00e0 ce que les traitements de donn\u00e9es personnelles effectu\u00e9s sur https:\/\/www.zactigis.ch soient conformes \u00e0 la Constitution cantonale (Cst-VD: 101.01) ainsi que la loi du 11 septembre 2007 sur la protection des donn\u00e9es personnelles (LPrD: RSV 172.65) ainsi qu\u2019au r\u00e8glement g\u00e9n\u00e9ral sur la protection des donn\u00e9es (RGPD) lorsque celui-ci s\u2019applique.<\/p>\n<p>Veuillez noter que cette politique de confidentialit\u00e9 est susceptible d\u2019\u00eatre modifi\u00e9e ou compl\u00e9t\u00e9e \u00e0 tout moment par CosmeTec S\u00e0rl, notamment en vue de se conformer \u00e0 toute \u00e9volution l\u00e9gislative, r\u00e9glementaire, jurisprudentielle ou technologique.<\/p>\n<\/div><div class=\"fusion-clearfix\"><\/div><\/div><\/div><div class=\"fusion-layout-column fusion_builder_column fusion-builder-column-1 fusion_builder_column_1_2 1_2 fusion-one-half fusion-column-first\" style=\"--awb-bg-size:cover;width:50%;width:calc(50% - ( ( 4% ) * 0.5 ) );margin-right: 4%;\"><div class=\"fusion-column-wrapper fusion-flex-column-wrapper-legacy\"><div class=\"fusion-title title fusion-title-1 fusion-sep-none fusion-title-text fusion-title-size-two\" style=\"--awb-margin-top-small:0px;--awb-margin-right-small:0px;--awb-margin-bottom-small:20px;--awb-margin-left-small:0px;\"><h2 class=\"fusion-title-heading title-heading-left\" style=\"margin:0;\">QUI SOMMES-NOUS ?<\/h2><\/div><div class=\"fusion-text fusion-text-2\"><p>CosmeTec S\u00e0rl<br \/>\nAv. du Mol\u00e9son 7<br \/>\n1700 Fribourg<br \/>\ninfo@cosmetec.ch<br \/>\nFax: 021 55 \u00a022 470<\/p>\n<p>L\u2019adresse de notre site Web est : https:\/\/www.zactigis.ch. Ci-apr\u00e8s nomm\u00e9 le Site.<\/p>\n<\/div><div class=\"fusion-title title fusion-title-2 fusion-sep-none fusion-title-text fusion-title-size-two\" style=\"--awb-margin-top-small:0px;--awb-margin-right-small:0px;--awb-margin-bottom-small:20px;--awb-margin-left-small:0px;\"><h2 class=\"fusion-title-heading title-heading-left\" style=\"margin:0;\">DONNEES PERSONNELLES<\/h2><\/div><div class=\"fusion-text fusion-text-3\"><p>Lors de l\u2019acc\u00e8s \u00e0 notre site web, les donn\u00e9es suivantes sont enregistr\u00e9es: l\u2019adresse IP, la date, l\u2019heure, la num\u00e9rotation du logiciel de navigation ainsi que des informations g\u00e9n\u00e9ralement transmises sur le syst\u00e8me d\u2019exploitation, respectivement sur le logiciel de navigation. L\u2019enregistrement de ces donn\u00e9es doit permettre leur \u00e9ventuelle communication \u00e0 des tiers en cas de probl\u00e8me technique.<\/p>\n<p>Certaines de ces donn\u00e9es permettent aussi de proc\u00e9der \u00e0 des \u00e9valuations statistiques anonymis\u00e9es, afin de reconna\u00eetre des tendances servant \u00e0 am\u00e9liorer l\u2019offre disponible sur notre site internet. Ces donn\u00e9es sont recueillies par des cookies (voir chapitre Cookies ci-dessous).<\/p>\n<p>D\u2019autres donn\u00e9es collect\u00e9es par des formulaires sont \u00e9galement trait\u00e9es, voir ci-dessous.<\/p>\n<\/div><div class=\"fusion-title title fusion-title-3 fusion-sep-none fusion-title-text fusion-title-size-two\" style=\"--awb-margin-top-small:0px;--awb-margin-right-small:0px;--awb-margin-bottom-small:20px;--awb-margin-left-small:0px;\"><h2 class=\"fusion-title-heading title-heading-left\" style=\"margin:0;\">FORMULAIRES DE CONTACT ET D&#8217;INSCRIPTION A LA NEWSLETTER<\/h2><\/div><div class=\"fusion-text fusion-text-4\"><p>Par ces formulaires, CosmeTec S\u00e0rl limite la collecte des donn\u00e9es personnelles au strict n\u00e9cessaire (minimisation des donn\u00e9es).<\/p>\n<\/div><div class=\"fusion-title title fusion-title-4 fusion-sep-none fusion-title-text fusion-title-size-three\" style=\"--awb-margin-top-small:0px;--awb-margin-right-small:0px;--awb-margin-bottom-small:20px;--awb-margin-left-small:0px;\"><h3 class=\"fusion-title-heading title-heading-left\" style=\"margin:0;\">FINALITES<\/h3><\/div><div class=\"fusion-text fusion-text-5\"><p>Les donn\u00e9es que nous collectons via les formulaires de contact ou d&#8217;inscription \u00e0 la newsletter sont n\u00e9cessaires, respectivement: \u00e0 la prise de contact avec le demandeur ou \u00e0 l&#8217;envoi d&#8217;une newsletter.<\/p>\n<\/div><div class=\"fusion-title title fusion-title-5 fusion-sep-none fusion-title-text fusion-title-size-three\" style=\"--awb-margin-top-small:0px;--awb-margin-right-small:0px;--awb-margin-bottom-small:20px;--awb-margin-left-small:0px;\"><h3 class=\"fusion-title-heading title-heading-left\" style=\"margin:0;\">CATEGORIES DE DONNEES TRAITEES<\/h3><\/div><div class=\"fusion-text fusion-text-6\"><ul>\n<li>Pr\u00e9nom, nom<\/li>\n<li>Adresse, ville, code postal<\/li>\n<li>Num\u00e9ro de t\u00e9l\u00e9phone<\/li>\n<li>Adresse de courrier \u00e9lectronique (e-mail)<\/li>\n<li>Message<\/li>\n<li>Date de soumission<\/li>\n<li>Statistiques li\u00e9es au service de newsletter<\/li>\n<\/ul>\n<p>En fournissant ces informations, vous acceptez express\u00e9ment qu\u2019elles soient trait\u00e9es par CosmeTec S\u00e0rl, aux fins indiqu\u00e9es au point &#8222;Finalit\u00e9s&#8220; ci-dessus ainsi qu\u2019aux fins rappel\u00e9es \u00e0 la fin de chaque formulaire.<\/p>\n<\/div><div class=\"fusion-title title fusion-title-6 fusion-sep-none fusion-title-text fusion-title-size-three\" style=\"--awb-margin-top-small:0px;--awb-margin-right-small:0px;--awb-margin-bottom-small:20px;--awb-margin-left-small:0px;\"><h3 class=\"fusion-title-heading title-heading-left\" style=\"margin:0;\">SOURCE DES DONNEES<\/h3><\/div><div class=\"fusion-text fusion-text-7\"><p>Les donn\u00e9es sont issues de l\u2019enregistrement, par la personne souhaitant recevoir des informations g\u00e9n\u00e9rales (formulaire de contact), commander des \u00e9chantillons ou s&#8217;inscrire \u00e0 la newsletter.<\/p>\n<\/div><div class=\"fusion-title title fusion-title-7 fusion-sep-none fusion-title-text fusion-title-size-three\" style=\"--awb-margin-top-small:0px;--awb-margin-right-small:0px;--awb-margin-bottom-small:20px;--awb-margin-left-small:0px;\"><h3 class=\"fusion-title-heading title-heading-left\" style=\"margin:0;\">UTILISATION ET TRANSMISSION DE VOS DONNEES PERSONNELLES<\/h3><\/div><div class=\"fusion-text fusion-text-8\"><p>Nous supprimons les donn\u00e9es re\u00e7ues dans ce contexte lorsque que leur stockage n\u2019est plus n\u00e9cessaire ou limitons leur traitement au cas o\u00f9 la loi impose leur conservation.<\/p>\n<p>Pour autant que le traitement de vos demandes l\u2019exige, vos donn\u00e9es peuvent \u00e9galement \u00eatre transmises \u00e0 des entreprises au sein de CosmeTec S\u00e0rl. Il est en outre possible que nous fassions appel \u00e0 des prestataires de service pour r\u00e9pondre \u00e0 votre demande (p. ex. pour l\u2019envoi de mat\u00e9riel d\u2019information). Les prestataires que nous mandatons sont choisis avec soin et tenus de respecter nos instructions. Nous ne transf\u00e9rons aucune autre de vos donn\u00e9es \u00e0 caract\u00e8re personnel \u00e0 des tiers.<\/p>\n<\/div><div class=\"fusion-title title fusion-title-8 fusion-sep-none fusion-title-text fusion-title-size-three\" style=\"--awb-margin-top-small:0px;--awb-margin-right-small:0px;--awb-margin-bottom-small:20px;--awb-margin-left-small:0px;\"><h3 class=\"fusion-title-heading title-heading-left\" style=\"margin:0;\">DUREES DE STOCKAGE DE VOS DONNEES<\/h3><\/div><div class=\"fusion-text fusion-text-9\"><p>Sauf indication contraire dans ce qui pr\u00e9c\u00e8de, vos donn\u00e9es \u00e0 caract\u00e8re personnel sont en principe supprim\u00e9es ou bloqu\u00e9es d\u00e8s que l\u2019objet de leur conservation dispara\u00eet. Elles peuvent \u00eatre conserv\u00e9es plus longtemps si des dispositions r\u00e9glementaires auxquelles nous sommes soumis l\u2019exigent, si cette conservation est n\u00e9cessaire pour la sauvegarde d\u2019int\u00e9r\u00eats l\u00e9gitimes ou si vous y avez consenti. Les donn\u00e9es sont \u00e9galement bloqu\u00e9es ou supprim\u00e9es \u00e0 l\u2019expiration d\u2019un d\u00e9lai de conservation prescrit par des normes obligatoires, \u00e0 moins que la conservation des donn\u00e9es soit n\u00e9cessaire afin de conclure ou d\u2019ex\u00e9cuter un contrat.<\/p>\n<\/div><div class=\"fusion-title title fusion-title-9 fusion-sep-none fusion-title-text fusion-title-size-three\" style=\"--awb-margin-top-small:0px;--awb-margin-right-small:0px;--awb-margin-bottom-small:20px;--awb-margin-left-small:0px;\"><h3 class=\"fusion-title-heading title-heading-left\" style=\"margin:0;\">EXERCICE DE VOS DROITS<\/h3><\/div><div class=\"fusion-text fusion-text-10\"><p>Pour toute information ou exercice de vos droits sur les traitements de donn\u00e9es personnelles g\u00e9r\u00e9s par CosmeTec S\u00e0rl, vous pouvez nous contacter par courrier (avec copie de votre pi\u00e8ce d\u2019identit\u00e9 en cas d&#8217;exercice de vos droits) \u00e0 l&#8217;adresse suivante:<\/p>\n<p><strong>CosmeTec S\u00e0rl<\/strong><br \/>\nAv. du Mol\u00e9son 7<br \/>\n1700 Fribourg<br \/>\ninfo@cosmetec.ch<br \/>\nFax: 021 55 22 470<\/p>\n<p>CosmeTec S\u00e0rl vous informe qu\u2019il sera en droit, le cas \u00e9ch\u00e9ant, de s\u2019opposer aux demandes manifestement abusives (de par leur nombre, leur caract\u00e8re r\u00e9p\u00e9titif ou syst\u00e9matique).<\/p>\n<\/div><div class=\"fusion-title title fusion-title-10 fusion-sep-none fusion-title-text fusion-title-size-three\" style=\"--awb-margin-top-small:0px;--awb-margin-right-small:0px;--awb-margin-bottom-small:20px;--awb-margin-left-small:0px;\"><h3 class=\"fusion-title-heading title-heading-left\" style=\"margin:0;\">DELAIS DE REPONSE<\/h3><\/div><div class=\"fusion-text fusion-text-11\"><p>CosmeTec S\u00e0rl s\u2019engage \u00e0 r\u00e9pondre \u00e0 votre demande d\u2019acc\u00e8s, de rectification ou d\u2019opposition ou toute autre demande compl\u00e9mentaire d\u2019informations dans un d\u00e9lai raisonnable qui ne saurait d\u00e9passer 1 mois \u00e0 compter de la r\u00e9ception de votre demande.<\/p>\n<\/div><div class=\"fusion-title title fusion-title-11 fusion-sep-none fusion-title-text fusion-title-size-three\" style=\"--awb-margin-top-small:0px;--awb-margin-right-small:0px;--awb-margin-bottom-small:20px;--awb-margin-left-small:0px;\"><h3 class=\"fusion-title-heading title-heading-left\" style=\"margin:0;\">COMMENT NOUS PROTEGEONS VOS DONNEES<\/h3><\/div><div class=\"fusion-text fusion-text-12\"><p>Nous mettons en oeuvre toutes les bonnes pratiques en mati\u00e8re de s\u00e9curit\u00e9 de site internet avec notamment l&#8217;utilisation d&#8217;un certificat SSL pour l&#8217;encryption de votre communication avec notre site web (protocole https).<\/p>\n<p>D&#8217;autre part, nous h\u00e9bergeons notre site web chez un h\u00e9bergeur de renom situ\u00e9 en Suisse, s&#8217;engageant \u00e0 respecter des crit\u00e8res \u00e9lev\u00e9s en mati\u00e8re de s\u00e9curit\u00e9.<\/p>\n<\/div><div class=\"fusion-clearfix\"><\/div><\/div><\/div><div class=\"fusion-layout-column fusion_builder_column fusion-builder-column-2 fusion_builder_column_1_2 1_2 fusion-one-half fusion-column-last\" style=\"--awb-bg-size:cover;width:50%;width:calc(50% - ( ( 4% ) * 0.5 ) );\"><div class=\"fusion-column-wrapper fusion-flex-column-wrapper-legacy\"><div class=\"fusion-title title fusion-title-12 fusion-sep-none fusion-title-text fusion-title-size-two\" style=\"--awb-margin-top-small:0px;--awb-margin-right-small:0px;--awb-margin-bottom-small:20px;--awb-margin-left-small:0px;\"><h2 class=\"fusion-title-heading title-heading-left\" style=\"margin:0;\">COOKIES<\/h2><\/div><div class=\"fusion-text fusion-text-13\"><p>Nous utilisons diff\u00e9rents cookies sur le site pour am\u00e9liorer l\u2019interactivit\u00e9 du site et nos services. Vous avez la possibilit\u00e9 de d\u00e9sactiver cette fonctionnalit\u00e9 via votre navigateur internet, en d\u00e9sactivant la fonction des cookies. En cas de refus il se peut que vous ne puissiez pas b\u00e9n\u00e9ficier de certaines informations ou services que vous avez demand\u00e9.<\/p>\n<\/div><div class=\"fusion-title title fusion-title-13 fusion-sep-none fusion-title-text fusion-title-size-three\" style=\"--awb-margin-top-small:0px;--awb-margin-right-small:0px;--awb-margin-bottom-small:20px;--awb-margin-left-small:0px;\"><h3 class=\"fusion-title-heading title-heading-left\" style=\"margin:0;\">QU&#8217;EST-CE QU&#8217;UN &#8222;COOKIES&#8220; ?<\/h3><\/div><div class=\"fusion-text fusion-text-14\"><p>Un \u00ab\u00a0cookie\u00a0\u00bb est une suite d\u2019informations, g\u00e9n\u00e9ralement de petite taille et identifi\u00e9 par un nom, qui peut \u00eatre transmis \u00e0 votre navigateur par un site web sur lequel vous vous connectez. Votre navigateur web le conservera pendant une certaine dur\u00e9e, et le renverra au serveur web chaque fois que vous vous y re-connecterez. Les cookies ont de multiples usages: ils peuvent servir \u00e0 m\u00e9moriser votre identifiant client aupr\u00e8s d\u2019un site marchand, le contenu courant de votre panier d\u2019achat, un identifiant permettant de tracer votre navigation pour des finalit\u00e9s statistiques ou publicitaires, etc.<\/p>\n<\/div><div class=\"fusion-title title fusion-title-14 fusion-sep-none fusion-title-text fusion-title-size-three\" style=\"--awb-margin-top-small:0px;--awb-margin-right-small:0px;--awb-margin-bottom-small:20px;--awb-margin-left-small:0px;\"><h3 class=\"fusion-title-heading title-heading-left\" style=\"margin:0;\">COOKIES INTERNES NECESSAIRES AU SITE POUR FONCTIONNER<\/h3><\/div><div class=\"fusion-text fusion-text-15\"><p>Ces cookies sont strictement n\u00e9cessaires au bon fonctionnement du site, ils ne sont pas soumis \u00e0 consentement. Vous pouvez vous y opposer et les supprimer en utilisant les param\u00e8tres de votre navigateur, cependant votre exp\u00e9rience utilisateur risque d\u2019\u00eatre d\u00e9grad\u00e9e.<\/p>\n<p>Ces cookies ne manipulent aucune donn\u00e9e personnelle.<\/p>\n<\/div><div class=\"fusion-title title fusion-title-15 fusion-sep-none fusion-title-text fusion-title-size-three\" style=\"--awb-margin-top-small:0px;--awb-margin-right-small:0px;--awb-margin-bottom-small:20px;--awb-margin-left-small:0px;\"><h3 class=\"fusion-title-heading title-heading-left\" style=\"margin:0;\">COOKIES GOOGLE ANALYTICS (STATISTIQUES ET MESURES D&#8217;AUDIENCE)<\/h3><\/div><div class=\"fusion-text fusion-text-16\"><p>Nous utilisons le service Google Analytics. Cet outil recueille des informations nous permettant de comprendre les interactions avec notre site Web, d&#8217;affiner cette exp\u00e9rience en am\u00e9liorant le site mais aussi et surtout de mieux comprendre nos visiteurs. Ce cookie perd sa validit\u00e9 apr\u00e8s un d\u00e9lai de 13 mois (conform\u00e9ment au RGPD) et ne sert pas \u00e0 vous identifier personnellement.<\/p>\n<p>En raison de l\u2019activation sur notre site Internet de la fonctionnalit\u00e9 d\u2019anonymisation d\u2019adresses IP (anonymizeIp), Google raccourcit au pr\u00e9alable les adresses IP collect\u00e9es au sein de l\u2019Union europ\u00e9enne. Si les donn\u00e9es collect\u00e9es sur vous permettent d\u2019\u00e9tablir un lien avec votre personne, celui-ci est imm\u00e9diatement \u00e9limin\u00e9 et les donn\u00e9es \u00e0 caract\u00e8re personnel sont supprim\u00e9es.<\/p>\n<p>Coupl\u00e9 \u00e0 Google AdWords, le cookie Analytics permet d\u2019effectuer de la mesure de conversion et du remarketing. Si l&#8217;utilisateur visite certaines pages du site Internet du client Adwords et si le cookie n&#8217;a pas encore expir\u00e9, Google et le client peuvent savoir que l&#8217;utilisateur a cliqu\u00e9 sur l&#8217;annonce et a \u00e9t\u00e9 redirig\u00e9 vers ce site.<\/p>\n<p>Chaque client Adwords re\u00e7oit un cookie diff\u00e9rent. Les cookies ne peuvent donc pas \u00eatre suivis au-del\u00e0 des sites Internet de clients Adwords. Les informations obtenues \u00e0 l&#8217;aide du cookie de conversion permettent d&#8217;\u00e9tablir des statistiques de conversion pour les clients Adwords ayant opt\u00e9 pour le tra\u00e7age de conversion. Les clients Adwords connaissent le nombre total d&#8217;utilisateurs qui ont cliqu\u00e9 sur leur annonce et ont \u00e9t\u00e9 redirig\u00e9s vers une page munie d&#8217;un tag de tra\u00e7age de conversion. Ils ne re\u00e7oivent toutefois pas d&#8217;informations permettant d&#8217;identifier l&#8217;utilisateur personnellement.<\/p>\n<p>Si vous ne souhaitez pas participer \u00e0 la proc\u00e9dure de suivi, vous pouvez aussi refuser l&#8217;enregistrement du cookie n\u00e9cessaire \u00e0 cet effet, par exemple dans les param\u00e8tres du navigateur, qui autorise g\u00e9n\u00e9ralement l&#8217;enregistrement automatique de cookies.<\/p>\n<p>Dans le cadre de Google Remarketing, des cookies permettent de conna\u00eetre votre comportement de navigation sous forme anonyme, \u00e0 des fins commerciales, et de l&#8217;utiliser pour adapter les offres publicitaires \u00e0 vos centres d&#8217;int\u00e9r\u00eat. En aucun cas ces technologies ne sont un moyen de collecter ou d\u2019enregistrer des donn\u00e9es personnelles permettant de tirer des conclusions quant \u00e0 votre identit\u00e9. A aucun moment nous n&#8217;acc\u00e9dons \u00e0 votre adresse email, \u00e0 votre nom, \u00e0 votre \u00e2ge, \u00e0 votre adresse, etc..<\/p>\n<p>Vous pouvez obtenir davantage de pr\u00e9cisions sur l\u2019utilisation des cookies Google ici: <a href=\"https:\/\/policies.google.com\/technologies\/types\" target=\"_blank\" rel=\"noopener noreferrer\">https:\/\/policies.google.com\/technologies\/types<\/a><br \/>\nVous pouvez \u00e9galement acc\u00e9der aux donn\u00e9es et\/ou les supprimer via le lien suivant: <a href=\"https:\/\/myactivity.google.com\/myactivity\" target=\"_blank\" rel=\"noopener noreferrer\">https:\/\/myactivity.google.com\/myactivity<\/a><\/p>\n<p>Si vous ne souhaitez pas participer \u00e0 la proc\u00e9dure de suivi, vous pouvez aussi refuser l&#8217;enregistrement du cookie n\u00e9cessaire \u00e0 cet effet, par exemple dans les param\u00e8tres du navigateur, qui autorise g\u00e9n\u00e9ralement l&#8217;enregistrement automatique de cookies, ou en utilisant le lien suivant:<\/p>\n<p>[cookie_settings]<\/p>\n<\/div><div class=\"fusion-title title fusion-title-16 fusion-sep-none fusion-title-text fusion-title-size-three\" style=\"--awb-margin-top-small:0px;--awb-margin-right-small:0px;--awb-margin-bottom-small:20px;--awb-margin-left-small:0px;\"><h3 class=\"fusion-title-heading title-heading-left\" style=\"margin:0;\">PARAMETRAGE DES COOKIES<\/h3><\/div><div class=\"fusion-text fusion-text-17\"><p>Vous pouvez utiliser l&#8217;outil de r\u00e9glage des cookies de notre site web ou de votre navigateur.<\/p>\n<p>[cookie_settings]<\/p>\n<p>La plupart des navigateurs Internet sont configur\u00e9s par d\u00e9faut de fa\u00e7on \u00e0 ce que le d\u00e9p\u00f4t de cookies soit autoris\u00e9. Votre navigateur vous offre l\u2019opportunit\u00e9 de modifier ces param\u00e8tres standards de mani\u00e8re \u00e0 ce que l\u2019ensemble des cookies soit rejet\u00e9 syst\u00e9matiquement ou bien \u00e0 ce qu\u2019une partie seulement des cookies soit accept\u00e9e ou refus\u00e9e en fonction de leur \u00e9metteur.<\/p>\n<p>ATTENTION : Nous attirons votre attention sur le fait que le refus du d\u00e9p\u00f4t de cookies sur votre terminal est n\u00e9anmoins susceptible d\u2019alt\u00e9rer votre exp\u00e9rience d\u2019utilisateur ainsi que votre acc\u00e8s \u00e0 certains services ou fonctionnalit\u00e9s du pr\u00e9sent site web. Le cas \u00e9ch\u00e9ant, CosmeTec S\u00e0rl d\u00e9cline toute responsabilit\u00e9 concernant les cons\u00e9quences li\u00e9es \u00e0 la d\u00e9gradation de vos conditions de navigation qui interviennent en raison de votre choix de refuser, supprimer ou bloquer les cookies n\u00e9cessaires au fonctionnement du site. Ces cons\u00e9quences ne sauraient constituer un dommage et vous ne pourrez pr\u00e9tendre \u00e0 aucune indemnit\u00e9 de ce fait. Votre navigateur vous permet \u00e9galement de supprimer les cookies existants sur votre terminal ou encore de vous signaler lorsque de nouveaux cookies sont susceptibles d\u2019\u00eatre d\u00e9pos\u00e9s sur votre terminal. Ces param\u00e9trages n\u2019ont pas d\u2019incidence sur votre navigation mais vous font perdre tout le b\u00e9n\u00e9fice apport\u00e9 par le cookie. Veuillez ci-dessous prendre connaissance des multiples outils mis \u00e0 votre disposition afin que vous puissiez param\u00e9trer les cookies d\u00e9pos\u00e9s sur votre terminal.<\/p>\n<\/div><div class=\"fusion-title title fusion-title-17 fusion-sep-none fusion-title-text fusion-title-size-three\" style=\"--awb-margin-top-small:0px;--awb-margin-right-small:0px;--awb-margin-bottom-small:20px;--awb-margin-left-small:0px;\"><h3 class=\"fusion-title-heading title-heading-left\" style=\"margin:0;\">PARAMETRAGE DE VOTRE NAVIGATEUR INTERNET<\/h3><\/div><div class=\"fusion-text fusion-text-18\"><p>Chaque navigateur Internet propose ses propres param\u00e8tres de gestion des cookies. Pour savoir de quelle mani\u00e8re modifier vos pr\u00e9f\u00e9rences en mati\u00e8re de cookies, vous trouverez ci-dessous les liens vers l\u2019aide n\u00e9cessaire pour acc\u00e9der au menu de votre navigateur pr\u00e9vu \u00e0 cet effet :<\/p>\n<p>Chrome : <a href=\"https:\/\/support.google.com\/chrome\/answer\/95647?hl=fr\" target=\"_blank\" rel=\"noopener noreferrer\">https:\/\/support.google.com\/chrome\/answer\/95647?hl=fr<\/a><br \/>\nFirefox : <a href=\"https:\/\/support.mozilla.org\/fr\/kb\/activer-desactiver-cookies\" target=\"_blank\" rel=\"noopener noreferrer\">https:\/\/support.mozilla.org\/fr\/kb\/activer-desactiver-cookies<\/a><br \/>\nInternet Explorer : <a href=\"https:\/\/support.microsoft.com\/fr-fr\/help\/17442\/windows-internet-explorer-delete-manage-cookies#ie=ie-11\" target=\"_blank\" rel=\"noopener noreferrer\">https:\/\/support.microsoft.com\/fr-fr\/help\/17442\/windows-internet-explorer-delete-manage-cookies#ie=ie-11<\/a><br \/>\nOpera : <a href=\"http:\/\/help.opera.com\/Windows\/10.20\/fr\/cookies.html\" target=\"_blank\" rel=\"noopener noreferrer\">http:\/\/help.opera.com\/Windows\/10.20\/fr\/cookies.html<\/a><br \/>\nSafari : <a href=\"https:\/\/support.apple.com\/kb\/PH21411?viewlocale=fr_FR&amp;locale=fr_FR\" target=\"_blank\" rel=\"noopener noreferrer\">https:\/\/support.apple.com\/kb\/PH21411?viewlocale=fr_FR&amp;locale=fr_FR<\/a><\/p>\n<p>A moins qu\u2019un consentement expr\u00e8s ne soit requis par les lois de votre pays en mati\u00e8re de protection des donn\u00e9es personnelles, en utilisant les pr\u00e9sents Supports (tels qu\u2019ils sont d\u00e9finis ci-dessus), vous consentez \u00e0 ce que nous collections et utilisions vos donn\u00e9es personnelles de la mani\u00e8re d\u00e9crite dans la pr\u00e9sente Politique et au transfert de vos donn\u00e9es personnelles vers d\u2019autres pays que le v\u00f4tre (y compris vers des pays situ\u00e9s en dehors de l\u2019Union Europ\u00e9enne).<\/p>\n<\/div><div class=\"fusion-clearfix\"><\/div><\/div><\/div><\/div><\/div>\n","protected":false},"excerpt":{"rendered":"","protected":false},"author":1,"featured_media":0,"parent":0,"menu_order":0,"comment_status":"closed","ping_status":"closed","template":"","meta":{"footnotes":""},"class_list":["post-1165","page","type-page","status-publish","hentry"],"_links":{"self":[{"href":"https:\/\/www.zactigis.ch\/de\/wp-json\/wp\/v2\/pages\/1165","targetHints":{"allow":["GET"]}}],"collection":[{"href":"https:\/\/www.zactigis.ch\/de\/wp-json\/wp\/v2\/pages"}],"about":[{"href":"https:\/\/www.zactigis.ch\/de\/wp-json\/wp\/v2\/types\/page"}],"author":[{"embeddable":true,"href":"https:\/\/www.zactigis.ch\/de\/wp-json\/wp\/v2\/users\/1"}],"replies":[{"embeddable":true,"href":"https:\/\/www.zactigis.ch\/de\/wp-json\/wp\/v2\/comments?post=1165"}],"version-history":[{"count":5,"href":"https:\/\/www.zactigis.ch\/de\/wp-json\/wp\/v2\/pages\/1165\/revisions"}],"predecessor-version":[{"id":3094,"href":"https:\/\/www.zactigis.ch\/de\/wp-json\/wp\/v2\/pages\/1165\/revisions\/3094"}],"wp:attachment":[{"href":"https:\/\/www.zactigis.ch\/de\/wp-json\/wp\/v2\/media?parent=1165"}],"curies":[{"name":"wp","href":"https:\/\/api.w.org\/{rel}","templated":true}]}}